{"id":82,"date":"2022-08-10T11:11:55","date_gmt":"2022-08-10T09:11:55","guid":{"rendered":"https:\/\/wordpress.vecurosoft.com\/techbiz\/?page_id=82"},"modified":"2024-12-19T12:00:01","modified_gmt":"2024-12-19T11:00:01","slug":"projects","status":"publish","type":"page","link":"https:\/\/propulse-solutions.in\/fr\/projects\/","title":{"rendered":"Projets"},"content":{"rendered":"<div data-elementor-type=\"wp-page\" data-elementor-id=\"82\" class=\"elementor elementor-82\" data-elementor-post-type=\"page\">\n\t\t\t\t\t\t<section data-particle_enable=\"false\" data-particle-mobile-disabled=\"false\" class=\"elementor-section elementor-top-section elementor-element elementor-element-7cfa510 elementor-section-full_width elementor-section-height-default elementor-section-height-default\" data-id=\"7cfa510\" data-element_type=\"section\" data-settings=\"{&quot;background_background&quot;:&quot;classic&quot;}\">\n\t\t\t\t\t\t<div class=\"elementor-container elementor-column-gap-no\">\n\t\t\t\t\t<div class=\"elementor-column elementor-col-100 elementor-top-column elementor-element elementor-element-9c27456\" data-id=\"9c27456\" data-element_type=\"column\">\n\t\t\t<div class=\"elementor-widget-wrap elementor-element-populated\">\n\t\t\t\t\t\t<section data-particle_enable=\"false\" data-particle-mobile-disabled=\"false\" class=\"elementor-section elementor-inner-section elementor-element elementor-element-48f2255 elementor-section-boxed elementor-section-height-default elementor-section-height-default\" data-id=\"48f2255\" data-element_type=\"section\">\n\t\t\t\t\t\t<div class=\"elementor-container elementor-column-gap-no\">\n\t\t\t\t\t<div class=\"elementor-column elementor-col-100 elementor-inner-column elementor-element elementor-element-281dc5f\" data-id=\"281dc5f\" data-element_type=\"column\">\n\t\t\t<div class=\"elementor-widget-wrap elementor-element-populated\">\n\t\t\t\t\t\t<div class=\"elementor-element elementor-element-b55293a elementor-widget elementor-widget-techbizsectiontitle\" data-id=\"b55293a\" data-element_type=\"widget\" data-widget_type=\"techbizsectiontitle.default\">\n\t\t\t\t<div class=\"elementor-widget-container\">\n\t\t\t<!-- Section Title --><div class=\"title-area\" ><h3 class=\"sec-title3 title-selector h1\">Transformer les entreprises par l'innovation et l'excellence<\/h3><\/div><!-- End Section Title -->\t\t<\/div>\n\t\t\t\t<\/div>\n\t\t<div data-particle_enable=\"false\" data-particle-mobile-disabled=\"false\" class=\"elementor-element elementor-element-132ab1d e-flex e-con-boxed e-con e-parent\" data-id=\"132ab1d\" data-element_type=\"container\">\n\t\t\t\t\t<div class=\"e-con-inner\">\n\t\t\t\t<div class=\"elementor-element elementor-element-84b17c9 elementor-grid-3 elementor-grid-tablet-2 elementor-grid-mobile-1 elementor-widget elementor-widget-loop-grid\" data-id=\"84b17c9\" data-element_type=\"widget\" data-settings=\"{&quot;template_id&quot;:&quot;13310&quot;,&quot;_skin&quot;:&quot;post&quot;,&quot;columns&quot;:&quot;3&quot;,&quot;columns_tablet&quot;:&quot;2&quot;,&quot;columns_mobile&quot;:&quot;1&quot;,&quot;edit_handle_selector&quot;:&quot;[data-elementor-type=\\&quot;loop-item\\&quot;]&quot;,&quot;row_gap&quot;:{&quot;unit&quot;:&quot;px&quot;,&quot;size&quot;:&quot;&quot;,&quot;sizes&quot;:[]},&quot;row_gap_tablet&quot;:{&quot;unit&quot;:&quot;px&quot;,&quot;size&quot;:&quot;&quot;,&quot;sizes&quot;:[]},&quot;row_gap_mobile&quot;:{&quot;unit&quot;:&quot;px&quot;,&quot;size&quot;:&quot;&quot;,&quot;sizes&quot;:[]}}\" data-widget_type=\"loop-grid.post\">\n\t\t\t\t<div class=\"elementor-widget-container\">\n\t\t\t\t\t<div class=\"elementor-loop-container elementor-grid\">\n\t\t<style id=\"loop-13310\">.elementor-13310 .elementor-element.elementor-element-0f86dff{--display:flex;--flex-direction:column;--container-widget-width:100%;--container-widget-height:initial;--container-widget-flex-grow:0;--container-widget-align-self:initial;--flex-wrap-mobile:wrap;--background-transition:0.3s;}.elementor-13310 .elementor-element.elementor-element-bf049ef .elementor-cta__content-item{transition-duration:1000ms;}.elementor-13310 .elementor-element.elementor-element-bf049ef.elementor-cta--sequenced-animation .elementor-cta__content-item:nth-child(2){transition-delay:calc( 1000ms \/ 3 );}.elementor-13310 .elementor-element.elementor-element-bf049ef.elementor-cta--sequenced-animation .elementor-cta__content-item:nth-child(3){transition-delay:calc( ( 1000ms \/ 3 ) * 2 );}.elementor-13310 .elementor-element.elementor-element-bf049ef.elementor-cta--sequenced-animation .elementor-cta__content-item:nth-child(4){transition-delay:calc( ( 1000ms \/ 3 ) * 3 );}.elementor-13310 .elementor-element.elementor-element-bf049ef .elementor-cta .elementor-cta__bg, .elementor-13310 .elementor-element.elementor-element-bf049ef .elementor-cta .elementor-cta__bg-overlay{transition-duration:1500ms;}.elementor-13310 .elementor-element.elementor-element-bf049ef .elementor-cta__content{min-height:356px;text-align:left;}.elementor-13310 .elementor-element.elementor-element-bf049ef .elementor-cta__description:not(:last-child){margin-bottom:19px;}.elementor-13310 .elementor-element.elementor-element-bf049ef .elementor-cta__description{color:#FFFFFF00;}.elementor-13310 .elementor-element.elementor-element-bf049ef .elementor-cta:hover .elementor-cta__description{color:#FFFFFF;}.elementor-13310 .elementor-element.elementor-element-bf049ef .elementor-cta__button{border-width:2px;border-radius:100px;}.elementor-13310 .elementor-element.elementor-element-bf049ef .elementor-cta:hover .elementor-cta__bg-overlay{background-color:#05A0DDCF;}<\/style>\t\t<div data-elementor-type=\"loop-item\" data-elementor-id=\"13310\" class=\"elementor elementor-13310 e-loop-item e-loop-item-13325 post-13325 projet type-projet status-publish has-post-thumbnail hentry\" data-elementor-post-type=\"elementor_library\" data-custom-edit-handle=\"1\">\n\t\t\t<div data-particle_enable=\"false\" data-particle-mobile-disabled=\"false\" class=\"elementor-element elementor-element-0f86dff e-flex e-con-boxed e-con e-parent\" data-id=\"0f86dff\" data-element_type=\"container\">\n\t\t\t\t\t<div class=\"e-con-inner\">\n\t\t\t\t<div class=\"elementor-element elementor-element-bf049ef elementor-cta--skin-cover elementor-cta--valign-bottom elementor-animated-content elementor-bg-transform elementor-bg-transform-zoom-in elementor-widget elementor-widget-call-to-action\" data-id=\"bf049ef\" data-element_type=\"widget\" data-widget_type=\"call-to-action.default\">\n\t\t\t\t<div class=\"elementor-widget-container\">\n\t\t\t\t\t<div class=\"elementor-cta\">\n\t\t\t\t\t<div class=\"elementor-cta__bg-wrapper\">\n\t\t\t\t<div class=\"elementor-cta__bg elementor-bg lazyload\" style=\"background-image:inherit;\" role=\"img\" aria-label=\"1Artboard-36-copy-3-100.bak\" data-bg-image=\"url(https:\/\/propulse-solutions.in\/wp-content\/uploads\/2024\/12\/1Artboard-36-copy-3-100.bak_.jpg)\"><\/div>\n\t\t\t\t<div class=\"elementor-cta__bg-overlay\"><\/div>\n\t\t\t<\/div>\n\t\t\t\t\t\t\t<div class=\"elementor-cta__content\">\n\t\t\t\t\n\t\t\t\t\n\t\t\t\t\t\t\t\t\t<div class=\"elementor-cta__description elementor-cta__content-item elementor-content-item elementor-animated-item--grow\">\n\t\t\t\t\t\t\u00c9tablir une identit\u00e9 visuelle audacieuse\t\t\t\t\t<\/div>\n\t\t\t\t\n\t\t\t\t\t\t\t\t\t<div class=\"elementor-cta__button-wrapper elementor-cta__content-item elementor-content-item elementor-animated-item--grow\">\n\t\t\t\t\t<a class=\"elementor-cta__button elementor-button elementor-size-\" href=\"https:\/\/propulse-solutions.in\/fr\/projet\/dn-consulting\/\">\n\t\t\t\t\t\tLire Plus\t\t\t\t\t<\/a>\n\t\t\t\t\t<\/div>\n\t\t\t\t\t\t\t<\/div>\n\t\t\t\t\t\t<\/div>\n\t\t\t\t<\/div>\n\t\t\t\t<\/div>\n\t\t\t\t\t<\/div>\n\t\t\t\t<\/div>\n\t\t\t\t<\/div>\n\t\t\t\t<div data-elementor-type=\"loop-item\" data-elementor-id=\"13310\" class=\"elementor elementor-13310 e-loop-item e-loop-item-13324 post-13324 projet type-projet status-publish hentry\" data-elementor-post-type=\"elementor_library\" data-custom-edit-handle=\"1\">\n\t\t\t<div data-particle_enable=\"false\" data-particle-mobile-disabled=\"false\" class=\"elementor-element elementor-element-0f86dff e-flex e-con-boxed e-con e-parent\" data-id=\"0f86dff\" data-element_type=\"container\">\n\t\t\t\t\t<div class=\"e-con-inner\">\n\t\t\t\t<div class=\"elementor-element elementor-element-bf049ef elementor-cta--skin-cover elementor-cta--valign-bottom elementor-animated-content elementor-bg-transform elementor-bg-transform-zoom-in elementor-widget elementor-widget-call-to-action\" data-id=\"bf049ef\" data-element_type=\"widget\" data-widget_type=\"call-to-action.default\">\n\t\t\t\t<div class=\"elementor-widget-container\">\n\t\t\t\t\t<div class=\"elementor-cta\">\n\t\t\t\t\t<div class=\"elementor-cta__bg-wrapper\">\n\t\t\t\t<div class=\"elementor-cta__bg elementor-bg lazyload\" style=\"background-image:inherit;\" role=\"img\" aria-label=\"1Artboard-36-copy-2-100\" data-bg-image=\"url(https:\/\/propulse-solutions.in\/wp-content\/uploads\/2024\/12\/1Artboard-36-copy-2-100.jpg)\"><\/div>\n\t\t\t\t<div class=\"elementor-cta__bg-overlay\"><\/div>\n\t\t\t<\/div>\n\t\t\t\t\t\t\t<div class=\"elementor-cta__content\">\n\t\t\t\t\n\t\t\t\t\n\t\t\t\t\t\t\t\t\t<div class=\"elementor-cta__description elementor-cta__content-item elementor-content-item elementor-animated-item--grow\">\n\t\t\t\t\t\tAm\u00e9liorer le commerce et le marketing num\u00e9riques\t\t\t\t\t<\/div>\n\t\t\t\t\n\t\t\t\t\t\t\t\t\t<div class=\"elementor-cta__button-wrapper elementor-cta__content-item elementor-content-item elementor-animated-item--grow\">\n\t\t\t\t\t<a class=\"elementor-cta__button elementor-button elementor-size-\" href=\"https:\/\/propulse-solutions.in\/fr\/projet\/siloe-media\/\">\n\t\t\t\t\t\tLire Plus\t\t\t\t\t<\/a>\n\t\t\t\t\t<\/div>\n\t\t\t\t\t\t\t<\/div>\n\t\t\t\t\t\t<\/div>\n\t\t\t\t<\/div>\n\t\t\t\t<\/div>\n\t\t\t\t\t<\/div>\n\t\t\t\t<\/div>\n\t\t\t\t<\/div>\n\t\t\t\t<div data-elementor-type=\"loop-item\" data-elementor-id=\"13310\" class=\"elementor elementor-13310 e-loop-item e-loop-item-13323 post-13323 projet type-projet status-publish hentry\" data-elementor-post-type=\"elementor_library\" data-custom-edit-handle=\"1\">\n\t\t\t<div data-particle_enable=\"false\" data-particle-mobile-disabled=\"false\" class=\"elementor-element elementor-element-0f86dff e-flex e-con-boxed e-con e-parent\" data-id=\"0f86dff\" data-element_type=\"container\">\n\t\t\t\t\t<div class=\"e-con-inner\">\n\t\t\t\t<div class=\"elementor-element elementor-element-bf049ef elementor-cta--skin-cover elementor-cta--valign-bottom elementor-animated-content elementor-bg-transform elementor-bg-transform-zoom-in elementor-widget elementor-widget-call-to-action\" data-id=\"bf049ef\" data-element_type=\"widget\" data-widget_type=\"call-to-action.default\">\n\t\t\t\t<div class=\"elementor-widget-container\">\n\t\t\t\t\t<div class=\"elementor-cta\">\n\t\t\t\t\t<div class=\"elementor-cta__bg-wrapper\">\n\t\t\t\t<div class=\"elementor-cta__bg elementor-bg lazyload\" style=\"background-image:inherit;\" role=\"img\" aria-label=\"1Artboard-36-copy-100\" data-bg-image=\"url(https:\/\/propulse-solutions.in\/wp-content\/uploads\/2024\/12\/1Artboard-36-copy-100.jpg)\"><\/div>\n\t\t\t\t<div class=\"elementor-cta__bg-overlay\"><\/div>\n\t\t\t<\/div>\n\t\t\t\t\t\t\t<div class=\"elementor-cta__content\">\n\t\t\t\t\n\t\t\t\t\n\t\t\t\t\t\t\t\t\t<div class=\"elementor-cta__description elementor-cta__content-item elementor-content-item elementor-animated-item--grow\">\n\t\t\t\t\t\tFaire le lien entre la confiance et la technologie\t\t\t\t\t<\/div>\n\t\t\t\t\n\t\t\t\t\t\t\t\t\t<div class=\"elementor-cta__button-wrapper elementor-cta__content-item elementor-content-item elementor-animated-item--grow\">\n\t\t\t\t\t<a class=\"elementor-cta__button elementor-button elementor-size-\" href=\"https:\/\/propulse-solutions.in\/fr\/projet\/reho-insurances\/\">\n\t\t\t\t\t\tLire Plus\t\t\t\t\t<\/a>\n\t\t\t\t\t<\/div>\n\t\t\t\t\t\t\t<\/div>\n\t\t\t\t\t\t<\/div>\n\t\t\t\t<\/div>\n\t\t\t\t<\/div>\n\t\t\t\t\t<\/div>\n\t\t\t\t<\/div>\n\t\t\t\t<\/div>\n\t\t\t\t<div data-elementor-type=\"loop-item\" data-elementor-id=\"13310\" class=\"elementor elementor-13310 e-loop-item e-loop-item-13306 post-13306 projet type-projet status-publish hentry\" data-elementor-post-type=\"elementor_library\" data-custom-edit-handle=\"1\">\n\t\t\t<div data-particle_enable=\"false\" data-particle-mobile-disabled=\"false\" class=\"elementor-element elementor-element-0f86dff e-flex e-con-boxed e-con e-parent\" data-id=\"0f86dff\" data-element_type=\"container\">\n\t\t\t\t\t<div class=\"e-con-inner\">\n\t\t\t\t<div class=\"elementor-element elementor-element-bf049ef elementor-cta--skin-cover elementor-cta--valign-bottom elementor-animated-content elementor-bg-transform elementor-bg-transform-zoom-in elementor-widget elementor-widget-call-to-action\" data-id=\"bf049ef\" data-element_type=\"widget\" data-widget_type=\"call-to-action.default\">\n\t\t\t\t<div class=\"elementor-widget-container\">\n\t\t\t\t\t<div class=\"elementor-cta\">\n\t\t\t\t\t<div class=\"elementor-cta__bg-wrapper\">\n\t\t\t\t<div class=\"elementor-cta__bg elementor-bg lazyload\" style=\"background-image:inherit;\" role=\"img\" aria-label=\"1Artboard-36-100-1\" data-bg-image=\"url(https:\/\/propulse-solutions.in\/wp-content\/uploads\/2024\/12\/1Artboard-36-100-1.jpg)\"><\/div>\n\t\t\t\t<div class=\"elementor-cta__bg-overlay\"><\/div>\n\t\t\t<\/div>\n\t\t\t\t\t\t\t<div class=\"elementor-cta__content\">\n\t\t\t\t\n\t\t\t\t\n\t\t\t\t\t\t\t\t\t<div class=\"elementor-cta__description elementor-cta__content-item elementor-content-item elementor-animated-item--grow\">\n\t\t\t\t\t\tCr\u00e9er une pr\u00e9sence en ligne homog\u00e8ne pour l'expertise en mati\u00e8re de donn\u00e9es\t\t\t\t\t<\/div>\n\t\t\t\t\n\t\t\t\t\t\t\t\t\t<div class=\"elementor-cta__button-wrapper elementor-cta__content-item elementor-content-item elementor-animated-item--grow\">\n\t\t\t\t\t<a class=\"elementor-cta__button elementor-button elementor-size-\" href=\"https:\/\/propulse-solutions.in\/fr\/projet\/crafting-a-seamless-online-presence-for-data-expertise\/\">\n\t\t\t\t\t\tLire Plus\t\t\t\t\t<\/a>\n\t\t\t\t\t<\/div>\n\t\t\t\t\t\t\t<\/div>\n\t\t\t\t\t\t<\/div>\n\t\t\t\t<\/div>\n\t\t\t\t<\/div>\n\t\t\t\t\t<\/div>\n\t\t\t\t<\/div>\n\t\t\t\t<\/div>\n\t\t\t\t<\/div>\n\t\t\n\t\t\t\t<\/div>\n\t\t\t\t<\/div>\n\t\t\t\t\t<\/div>\n\t\t\t\t<\/div>\n\t\t\t\t\t<\/div>\n\t\t<\/div>\n\t\t\t\t\t<\/div>\n\t\t<\/section>\n\t\t\t\t\t<\/div>\n\t\t<\/div>\n\t\t\t\t\t<\/div>\n\t\t<\/section>\n\t\t\t\t<section data-particle_enable=\"false\" data-particle-mobile-disabled=\"false\" class=\"elementor-section elementor-top-section elementor-element elementor-element-c4c4c68 elementor-section-full_width elementor-hidden-desktop elementor-hidden-tablet elementor-hidden-mobile elementor-section-height-default elementor-section-height-default\" data-id=\"c4c4c68\" data-element_type=\"section\">\n\t\t\t\t\t\t<div class=\"elementor-container elementor-column-gap-no\">\n\t\t\t\t\t<div class=\"elementor-column elementor-col-100 elementor-top-column elementor-element elementor-element-8e59ab9\" data-id=\"8e59ab9\" data-element_type=\"column\">\n\t\t\t<div class=\"elementor-widget-wrap elementor-element-populated\">\n\t\t\t\t\t\t<div class=\"elementor-element elementor-element-7bb6b6c elementor-widget elementor-widget-techbizprojectfilter\" data-id=\"7bb6b6c\" data-element_type=\"widget\" data-widget_type=\"techbizprojectfilter.default\">\n\t\t\t\t<div class=\"elementor-widget-container\">\n\t\t\t<div class=\"project-wrapper\"><div class=\"container\"><div class=\"row filter-active\"><div class=\"col-md-6 col-xxl-auto filter-item\"><div class=\"project-style2\"><div class=\"project-img\"><div class=\"project-shape\"><\/div><img decoding=\"async\" data-src=\"https:\/\/wordpress.vecurosoft.com\/techbiz\/wp-content\/uploads\/2022\/09\/p-2-1.jpg\" alt=\"p 2 1\" src=\"data:image\/gif;base64,R0lGODlhAQABAAAAACH5BAEKAAEALAAAAAABAAEAAAICTAEAOw==\" class=\"lazyload\" \/><noscript><img decoding=\"async\" src=\"https:\/\/wordpress.vecurosoft.com\/techbiz\/wp-content\/uploads\/2022\/09\/p-2-1.jpg\" alt=\"p 2 1\"  \/><\/noscript><a href=\"https:\/\/wordpress.vecurosoft.com\/techbiz\/wp-content\/uploads\/2022\/09\/p-2-1.jpg\" class=\"icon-btn style4\"><i class=\"far fa-search\"><\/i><\/a><\/div><div class=\"project-content\"><span class=\"project-label\">App Solution<\/span><h3 class=\"project-title h5\">App Development<\/h3><\/div><\/div><\/div><div class=\"col-md-6 col-xxl-auto filter-item\"><div class=\"project-style2\"><div class=\"project-img\"><div class=\"project-shape\"><\/div><img decoding=\"async\" data-src=\"https:\/\/wordpress.vecurosoft.com\/techbiz\/wp-content\/uploads\/2022\/09\/p-2-2.jpg\" alt=\"p 2 2\" src=\"data:image\/gif;base64,R0lGODlhAQABAAAAACH5BAEKAAEALAAAAAABAAEAAAICTAEAOw==\" class=\"lazyload\" \/><noscript><img decoding=\"async\" src=\"https:\/\/wordpress.vecurosoft.com\/techbiz\/wp-content\/uploads\/2022\/09\/p-2-2.jpg\" alt=\"p 2 2\"  \/><\/noscript><a href=\"https:\/\/wordpress.vecurosoft.com\/techbiz\/wp-content\/uploads\/2022\/09\/p-2-2.jpg\" class=\"icon-btn style4\"><i class=\"far fa-search\"><\/i><\/a><\/div><div class=\"project-content\"><span class=\"project-label\">UI Design<\/span><h3 class=\"project-title h5\">Portfolio Design<\/h3><\/div><\/div><\/div><div class=\"col-md-6 col-xxl-auto filter-item\"><div class=\"project-style2\"><div class=\"project-img\"><div class=\"project-shape\"><\/div><img decoding=\"async\" data-src=\"https:\/\/wordpress.vecurosoft.com\/techbiz\/wp-content\/uploads\/2022\/09\/p-2-3.jpg\" alt=\"p 2 3\" src=\"data:image\/gif;base64,R0lGODlhAQABAAAAACH5BAEKAAEALAAAAAABAAEAAAICTAEAOw==\" class=\"lazyload\" \/><noscript><img decoding=\"async\" src=\"https:\/\/wordpress.vecurosoft.com\/techbiz\/wp-content\/uploads\/2022\/09\/p-2-3.jpg\" alt=\"p 2 3\"  \/><\/noscript><a href=\"https:\/\/wordpress.vecurosoft.com\/techbiz\/wp-content\/uploads\/2022\/09\/p-2-3.jpg\" class=\"icon-btn style4\"><i class=\"far fa-search\"><\/i><\/a><\/div><div class=\"project-content\"><span class=\"project-label\">Cyber Security<\/span><h3 class=\"project-title h5\">Database checkup<\/h3><\/div><\/div><\/div><div class=\"col-md-6 col-xxl-auto filter-item\"><div class=\"project-style2\"><div class=\"project-img\"><div class=\"project-shape\"><\/div><img decoding=\"async\" data-src=\"https:\/\/wordpress.vecurosoft.com\/techbiz\/wp-content\/uploads\/2022\/09\/p-2-4.jpg\" alt=\"p 2 4\" src=\"data:image\/gif;base64,R0lGODlhAQABAAAAACH5BAEKAAEALAAAAAABAAEAAAICTAEAOw==\" class=\"lazyload\" \/><noscript><img decoding=\"async\" src=\"https:\/\/wordpress.vecurosoft.com\/techbiz\/wp-content\/uploads\/2022\/09\/p-2-4.jpg\" alt=\"p 2 4\"  \/><\/noscript><a href=\"https:\/\/wordpress.vecurosoft.com\/techbiz\/wp-content\/uploads\/2022\/09\/p-2-4.jpg\" class=\"icon-btn style4\"><i class=\"far fa-search\"><\/i><\/a><\/div><div class=\"project-content\"><span class=\"project-label\">Affiliate<\/span><h3 class=\"project-title h5\">Marketing Digital<\/h3><\/div><\/div><\/div><div class=\"col-md-6 col-xxl-auto filter-item\"><div class=\"project-style2\"><div class=\"project-img\"><div class=\"project-shape\"><\/div><img decoding=\"async\" data-src=\"https:\/\/wordpress.vecurosoft.com\/techbiz\/wp-content\/uploads\/2022\/09\/p-2-5.jpg\" alt=\"p 2 5\" src=\"data:image\/gif;base64,R0lGODlhAQABAAAAACH5BAEKAAEALAAAAAABAAEAAAICTAEAOw==\" class=\"lazyload\" \/><noscript><img decoding=\"async\" src=\"https:\/\/wordpress.vecurosoft.com\/techbiz\/wp-content\/uploads\/2022\/09\/p-2-5.jpg\" alt=\"p 2 5\"  \/><\/noscript><a href=\"https:\/\/wordpress.vecurosoft.com\/techbiz\/wp-content\/uploads\/2022\/09\/p-2-5.jpg\" class=\"icon-btn style4\"><i class=\"far fa-search\"><\/i><\/a><\/div><div class=\"project-content\"><span class=\"project-label\">Skill Art<\/span><h3 class=\"project-title h5\">WordPress Theme<\/h3><\/div><\/div><\/div><div class=\"col-md-6 col-xxl-auto filter-item\"><div class=\"project-style2\"><div class=\"project-img\"><div class=\"project-shape\"><\/div><img decoding=\"async\" data-src=\"https:\/\/wordpress.vecurosoft.com\/techbiz\/wp-content\/uploads\/2022\/09\/p-2-6.jpg\" alt=\"p 2 6\" src=\"data:image\/gif;base64,R0lGODlhAQABAAAAACH5BAEKAAEALAAAAAABAAEAAAICTAEAOw==\" class=\"lazyload\" \/><noscript><img decoding=\"async\" src=\"https:\/\/wordpress.vecurosoft.com\/techbiz\/wp-content\/uploads\/2022\/09\/p-2-6.jpg\" alt=\"p 2 6\"  \/><\/noscript><a href=\"https:\/\/wordpress.vecurosoft.com\/techbiz\/wp-content\/uploads\/2022\/09\/p-2-6.jpg\" class=\"icon-btn style4\"><i class=\"far fa-search\"><\/i><\/a><\/div><div class=\"project-content\"><span class=\"project-label\">Skill Art<\/span><h3 class=\"project-title h5\">Affiliat Marketing<\/h3><\/div><\/div><\/div><\/div><\/div><\/div>\t\t<\/div>\n\t\t\t\t<\/div>\n\t\t\t\t\t<\/div>\n\t\t<\/div>\n\t\t\t\t\t<\/div>\n\t\t<\/section>\n\t\t\t\t<section data-particle_enable=\"false\" data-particle-mobile-disabled=\"false\" class=\"elementor-section elementor-top-section elementor-element elementor-element-b31dd1c elementor-section-full_width elementor-section-height-default elementor-section-height-default\" data-id=\"b31dd1c\" data-element_type=\"section\" data-settings=\"{&quot;background_background&quot;:&quot;classic&quot;}\">\n\t\t\t\t\t\t<div class=\"elementor-container elementor-column-gap-no\">\n\t\t\t\t\t<div class=\"elementor-column elementor-col-100 elementor-top-column elementor-element elementor-element-85ea612\" data-id=\"85ea612\" data-element_type=\"column\">\n\t\t\t<div class=\"elementor-widget-wrap elementor-element-populated\">\n\t\t\t\t\t\t<section data-particle_enable=\"false\" data-particle-mobile-disabled=\"false\" class=\"elementor-section elementor-inner-section elementor-element elementor-element-13672a4 elementor-section-boxed elementor-section-height-default elementor-section-height-default\" data-id=\"13672a4\" data-element_type=\"section\">\n\t\t\t\t\t\t<div class=\"elementor-container elementor-column-gap-no\">\n\t\t\t\t\t<div class=\"elementor-column elementor-col-50 elementor-inner-column elementor-element elementor-element-8a73583\" data-id=\"8a73583\" data-element_type=\"column\">\n\t\t\t<div class=\"elementor-widget-wrap elementor-element-populated\">\n\t\t\t\t\t\t<div class=\"elementor-element elementor-element-ce047aa elementor-widget elementor-widget-text-editor\" data-id=\"ce047aa\" data-element_type=\"widget\" data-widget_type=\"text-editor.default\">\n\t\t\t\t<div class=\"elementor-widget-container\">\n\t\t\t\t\t\t\t<span class=\"sec-subtitle text-white\">Centre d'assistance : 24hr\/7<\/span>\n<h2 class=\"h1 sec-title text-white\">Besoin d'une consultation ?<\/h2>\t\t\t\t\t\t<\/div>\n\t\t\t\t<\/div>\n\t\t\t\t\t<\/div>\n\t\t<\/div>\n\t\t\t\t<div class=\"elementor-column elementor-col-50 elementor-inner-column elementor-element elementor-element-6aca745\" data-id=\"6aca745\" data-element_type=\"column\">\n\t\t\t<div class=\"elementor-widget-wrap elementor-element-populated\">\n\t\t\t\t\t\t<div class=\"elementor-element elementor-element-25c1410 elementor-widget elementor-widget-techbizbutton\" data-id=\"25c1410\" data-element_type=\"widget\" data-widget_type=\"techbizbutton.default\">\n\t\t\t\t<div class=\"elementor-widget-container\">\n\t\t\t<!-- Button --><div class=\"btn-wrapper\"><a class=\"vs-btn\" href=\"\/fr\/contact-us\/\">Obtenez un devis<i class=\"far fa-arrow-right\"><\/i><\/a><\/div><!-- End Button -->\t\t<\/div>\n\t\t\t\t<\/div>\n\t\t\t\t\t<\/div>\n\t\t<\/div>\n\t\t\t\t\t<\/div>\n\t\t<\/section>\n\t\t\t\t\t<\/div>\n\t\t<\/div>\n\t\t\t\t\t<\/div>\n\t\t<\/section>\n\t\t\t\t<\/div>","protected":false},"excerpt":{"rendered":"<p>Transforming Businesses Through Innovation and Excellence App Solution App Development UI Design Portfolio Design Cyber Security Database checkup Affiliate Digital Marketing Skill Art WordPress Theme Skill Art Affiliat Marketing We are here to answer your questions 24\/7 Need A Consultation? Get A Quote<\/p>","protected":false},"author":1,"featured_media":0,"parent":0,"menu_order":0,"comment_status":"closed","ping_status":"closed","template":"template-builder.php","meta":{"_acf_changed":false,"footnotes":""},"class_list":["post-82","page","type-page","status-publish","hentry"],"acf":[],"_links":{"self":[{"href":"https:\/\/propulse-solutions.in\/fr\/wp-json\/wp\/v2\/pages\/82","targetHints":{"allow":["GET"]}}],"collection":[{"href":"https:\/\/propulse-solutions.in\/fr\/wp-json\/wp\/v2\/pages"}],"about":[{"href":"https:\/\/propulse-solutions.in\/fr\/wp-json\/wp\/v2\/types\/page"}],"author":[{"embeddable":true,"href":"https:\/\/propulse-solutions.in\/fr\/wp-json\/wp\/v2\/users\/1"}],"replies":[{"embeddable":true,"href":"https:\/\/propulse-solutions.in\/fr\/wp-json\/wp\/v2\/comments?post=82"}],"version-history":[{"count":13,"href":"https:\/\/propulse-solutions.in\/fr\/wp-json\/wp\/v2\/pages\/82\/revisions"}],"predecessor-version":[{"id":13828,"href":"https:\/\/propulse-solutions.in\/fr\/wp-json\/wp\/v2\/pages\/82\/revisions\/13828"}],"wp:attachment":[{"href":"https:\/\/propulse-solutions.in\/fr\/wp-json\/wp\/v2\/media?parent=82"}],"curies":[{"name":"wp","href":"https:\/\/api.w.org\/{rel}","templated":true}]}}